{"id":36,"date":"2013-03-12T15:01:16","date_gmt":"2013-03-12T13:01:16","guid":{"rendered":"http:\/\/sic.sevenminds.de\/de\/?page_id=36"},"modified":"2022-01-21T22:43:41","modified_gmt":"2022-01-21T21:43:41","slug":"kontakt","status":"publish","type":"page","link":"http:\/\/ourworld-magazine.com\/de\/kontakt\/","title":{"rendered":"Kontakt"},"content":{"rendered":"<h2>Santacruz International Communication<\/h2>\n<p>Dr. Lino Santacruz Moctezuma<br \/>\nThe Residence General<br \/>\nMathenge, Apt. A-3, Spring Valley<br \/>\n40497-00100, Nairobi, Kenya<br \/>\nE-Mail: <a href=\"mailto:mail@santacruz-ic.com\">mail@santacruz-ic.com<\/a><\/p>\n<h3>Impressum<\/h3>\n<p>Inhaltliche Verantwortung: Dr. Lino Santacruz Moctezuma<\/p>\n<p>Santacruz International Communication <a href=\"http:\/\/www.santacruz-ic.com\" target=\"_blank\" rel=\"noopener\">www.santacruz-ic.com<\/a><\/p>\n<p>Encounters Magazine <a href=\"http:\/\/www.encounters-magazine.com\" target=\"_blank\" rel=\"noopener\">www.encounters-magazine.com<\/a><\/p>\n<p>Our World Magazine <a href=\"http:\/\/www.ourworld-magazine.com\" target=\"_blank\" rel=\"noopener\">www.ourworld-magazine.com<\/a><\/p>\n<p>Gestaltung: Paul Bieri, dia<br \/>\n<a href=\"http:\/\/www.diaberlin.de\" target=\"_blank\" rel=\"noopener\">www.diaberlin.de<\/a><\/p>\n<p>\u00dcbersetzung: Text International GmbH \/ Susann Barahona<br \/>\n<a href=\"http:\/\/www.textinternational.com\" target=\"_blank\" rel=\"noopener\">www.textinternational.com<\/a><\/p>\n<p>Programmierung: Sebastian Klammer<br \/>\n<a title=\"Webdesign Berlin\" href=\"https:\/\/sebastian-klammer.de\/\" target=\"_blank\" rel=\"noopener\">www.sebastian-klammer.de<\/a><\/p>\n<p>Fotos Projekte: Andreas Xaver S\u00fc\u00df<\/p>\n<h3>Rechtliche Hinweise<\/h3>\n<p><b>Inhalte:<\/b><br \/>\nDie Inhalte dieser Website werden mit gr\u00f6\u00dftm\u00f6glicher Sorgfalt recherchiert. Gleichwohl \u00fcbernimmt der Anbieter keine Haftung f\u00fcr die Richtigkeit, Vollst\u00e4ndigkeit und Aktualit\u00e4t der bereit gestellten Informationen. Die Beitr\u00e4ge geben nur die Meinung des jeweiligen Autors wieder.<\/p>\n<p><b>Rechte:<\/b><br \/>\nJede vom Urheberrechtsgesetz nicht zugelassene Verwertung der auf dieser Website ver\u00f6ffentlichten Beitr\u00e4ge und Abbildungen bedarf vorheriger schriftlicher Zustimmung des Anbieters. Dies gilt insbesondere f\u00fcr Vervielf\u00e4ltigung, Bearbeitung, \u00dcbersetzung, Einspeicherung, Verarbeitung bzw. Wiedergabe von Inhalten in Datenbanken oder anderen elektronischen Medien und Systemen.<\/p>\n<p>\u00a9 Santacruz International Communication, 2015<\/p>\n","protected":false},"excerpt":{"rendered":"<p>Santacruz International Communication Dr. Lino Santacruz Moctezuma The Residence General Mathenge, Apt. A-3, Spring Valley 40497-00100, Nairobi, Kenya E-Mail: mail@santacruz-ic.com Impressum Inhaltliche Verantwortung: Dr. Lino Santacruz Moctezuma Santacruz International Communication www.santacruz-ic.com Encounters Magazine www.encounters-magazine.com Our World Magazine www.ourworld-magazine.com Gestaltung: Paul Bieri, dia www.diaberlin.de \u00dcbersetzung: Text International GmbH \/ Susann Barahona www.textinternational.com Programmierung: Sebastian Klammer www.sebastian-klammer.de [&hellip;]<\/p>\n","protected":false},"author":1,"featured_media":70,"parent":0,"menu_order":0,"comment_status":"closed","ping_status":"closed","template":"","meta":[],"_links":{"self":[{"href":"http:\/\/ourworld-magazine.com\/de\/wp-json\/wp\/v2\/pages\/36"}],"collection":[{"href":"http:\/\/ourworld-magazine.com\/de\/wp-json\/wp\/v2\/pages"}],"about":[{"href":"http:\/\/ourworld-magazine.com\/de\/wp-json\/wp\/v2\/types\/page"}],"author":[{"embeddable":true,"href":"http:\/\/ourworld-magazine.com\/de\/wp-json\/wp\/v2\/users\/1"}],"replies":[{"embeddable":true,"href":"http:\/\/ourworld-magazine.com\/de\/wp-json\/wp\/v2\/comments?post=36"}],"version-history":[{"count":28,"href":"http:\/\/ourworld-magazine.com\/de\/wp-json\/wp\/v2\/pages\/36\/revisions"}],"predecessor-version":[{"id":1442,"href":"http:\/\/ourworld-magazine.com\/de\/wp-json\/wp\/v2\/pages\/36\/revisions\/1442"}],"wp:featuredmedia":[{"embeddable":true,"href":"http:\/\/ourworld-magazine.com\/de\/wp-json\/wp\/v2\/media\/70"}],"wp:attachment":[{"href":"http:\/\/ourworld-magazine.com\/de\/wp-json\/wp\/v2\/media?parent=36"}],"curies":[{"name":"wp","href":"https:\/\/api.w.org\/{rel}","templated":true}]}}