{"id":1202,"date":"2015-05-19T11:42:29","date_gmt":"2015-05-19T09:42:29","guid":{"rendered":"http:\/\/ourworld-magazine.com\/es\/?page_id=1202"},"modified":"2015-11-27T10:05:08","modified_gmt":"2015-11-27T09:05:08","slug":"our-world-twenty","status":"publish","type":"page","link":"http:\/\/ourworld-magazine.com\/es\/our-world-twenty\/","title":{"rendered":"Our World Twenty"},"content":{"rendered":"<p><img loading=\"lazy\" src=\"http:\/\/ourworld-magazine.com\/es\/wp-content\/uploads\/sites\/4\/2015\/05\/Illu_Bethevoice.jpg\" alt=\"Illu_Bethevoice\" width=\"507\" height=\"317\" class=\"alignleft size-full wp-image-1204\" srcset=\"http:\/\/ourworld-magazine.com\/es\/wp-content\/uploads\/sites\/4\/2015\/05\/Illu_Bethevoice.jpg 507w, http:\/\/ourworld-magazine.com\/es\/wp-content\/uploads\/sites\/4\/2015\/05\/Illu_Bethevoice-300x188.jpg 300w\" sizes=\"(max-width: 507px) 100vw, 507px\" \/><\/p>\n<h1>\/\/ Salvemos a la vaquita marina, la marsopa del desierto \/\/<\/h1>\n<p>\u00abSi solo qued\u00e1ramos cien humanos, \u00bfla vaquita marina nos ayudar\u00eda?\u00bb Esa fue la pregunta que plante\u00f3 uno de mis alumnos de cuarto grado cuando hablamos en clase sobre las especies amenazadas.<\/p>\n<p>El estudio sobre la biodiversidad y sus interrelaciones impuls\u00f3 a los ni\u00f1os a hacer algo por estas especies. Empezaron vendiendo papel, cart\u00f3n y latas para reciclar y recogiendo donativos en la escuela. As\u00ed consiguieron 165 d\u00f3lares para adoptar un cocodrilo, un delf\u00edn y un zorro rojo a trav\u00e9s del Fondo Mundial por la Naturaleza (WWF).<\/p>\n<p>Sab\u00edan que la vaquita marina del golfo de California necesitaba ayuda urgente pero, \u00bfqu\u00e9 pod\u00edan hacer ellos? Decidieron recurrir a los adultos. El padre de una de las alumnas nos permiti\u00f3 usar su p\u00e1gina web de micromecenazgo para recaudar dinero para Greenpeace. Los ni\u00f1os, conscientes de que ten\u00edan que llegar a m\u00e1s gente, crearon un video para promocionar la campa\u00f1a de donativos en el que particip\u00f3 toda la clase representada por cuatro alumnos. El objetivo era reunir 50.000 pesos mexicanos (3.500 d\u00f3lares) para la ONG. Todos se volcaron con la iniciativa: unos hicieron dibujos, otros hicieron las esculturas de arcilla y dise\u00f1aron los premios; y entre todos consiguieron grabar un video magn\u00edfico que subimos a la plataforma mexicana de financiaci\u00f3n colectiva Fondeadora con el t\u00edtulo \u00a1Salvando a la Vaquita Marina! <\/p>\n<p>Cuando est\u00e1bamos trabajando en el proyecto nos enteramos de que el presidente de M\u00e9xico, Enrique Pe\u00f1a Nieto, iba a estar en Baja California el 16 de abril de 2015. Le escribimos una carta explic\u00e1ndole qu\u00e9 est\u00e1bamos haciendo y por qu\u00e9 nos preocupa tanto la vaquita marina. Adem\u00e1s, le pedimos que compartiera nuestra preocupaci\u00f3n por el medio ambiente.<\/p>\n<p>El d\u00eda de la visita del presidente a Baja California, la versi\u00f3n en l\u00ednea del peri\u00f3dico mexicano Milenio public\u00f3 un reportaje sobre el video, que ya estaba colgado en el sitio web de Fondeadora.<\/p>\n<p>Cuando cinco d\u00edas despu\u00e9s llegamos al objetivo de financiaci\u00f3n, apenas pod\u00edamos creerlo. \u00a1Fue muy emocionante para los ni\u00f1os!<\/p>\n<p>Uno de los padres nos sugiri\u00f3 que solicit\u00e1ramos una entrevista en la emisora de radio local para promover el proyecto y conseguimos que ocho alumnos participaran en directo. La emisora dedic\u00f3 el programa anterior a la SEMARNAT, la Secretar\u00eda del Medio Ambiente y Recursos Naturales de M\u00e9xico, y el siguiente a Greenpeace.<br \/>\nPoco despu\u00e9s me entrevistaron en el espacio La Entrevista Verde de la emisora RED AM y nos invitaron a participar en el programa de televisi\u00f3n La Mujer y la Ecolog\u00eda de la cadena Green TV, que intenta concienciar sobre la importancia de preservar y cuidar la biodiversidad de nuestro mundo.<\/p>\n<p>A continuaci\u00f3n les dejo parte de la informaci\u00f3n que los ni\u00f1os recabaron con todo su entusiasmo durante su investigaci\u00f3n en clase.<\/p>\n<p>La vaquita marina o cochito (Phocoena sinus), que apenas alcanza los 150\u00a0cm de largo, es uno de los dos cet\u00e1ceos m\u00e1s peque\u00f1os del mundo. Es end\u00e9mica del golfo de California o mar de Cort\u00e9s, de la zona pr\u00f3xima al estuario del r\u00edo Colorado, y se cuenta entre las seis especies existentes de marsopas, una familia cuyo nombre procede en muchos idiomas de t\u00e9rminos antiguos que significan \u00abcerdo de mar\u00bb. Estos preciosos y tiernos mam\u00edferos marinos exhiben parches oscuros alrededor de los ojos y la boca y una fina l\u00ednea blanca desde la boca a las aletas pectorales. Tienen la parte superior del cuerpo de un color gris oscuro que pierde intensidad en los laterales y se convierte en blanco en la parte ventral, surcada por bandas gris\u00e1ceas. Se alimentan de especies como las corvinas de ojo grande, los burritos rayados y los calamares y usan un sistema de ecolocalizaci\u00f3n para comunicarse y desplazarse por las aguas del golfo. Evitan siempre los barcos debido a su car\u00e1cter discreto y esquivo y a su timidez. Se cree que tanto las hembras como los machos alcanzan la madurez entre los 3 y los 6 a\u00f1os y se aparean cada dos a\u00f1os y tienen sus cr\u00edas en primavera, tras un periodo de gestaci\u00f3n de entre diez y once meses. Su esperanza de vida es de 21 a\u00f1os. Prefieren las aguas poco profundas cercanas a la orilla.<\/p>\n<p>Suelen estar solas o en peque\u00f1os grupos de dos o tres, pero no se dejan ver f\u00e1cilmente. Desgraciadamente, este mam\u00edfero se encuentra en peligro tanto de M\u00e9xico como en los Estados unidos y figura en la Lista Roja de Especies Amenazadas de la Uni\u00f3n Internacional para la Conservaci\u00f3n de la Naturaleza (IUCN). Su situaci\u00f3n se considera cr\u00edtica a causa principalmente de la grave amenaza que suponen las redes de enmalle o agalleras usadas para pescar camarones. Se calcula que al pescar con estas redes no sustentables quedan atrapadas y mueren cada a\u00f1o entre 39 y 84 ejemplares, una cifra a todas luces insostenible. Aunque la vaquita marina no es una especie pisc\u00edcola, la pesca es su principal enemigo, como le sucedi\u00f3 al delf\u00edn de r\u00edo chino, que acab\u00f3 convertido en una captura no deseada de los pescadores locales que intentaban ganarse la vida y alimentar a sus familias. Son \u00abda\u00f1os colaterales\u00bb. Otro factor que pone en peligro a la vaquita es el descenso del volumen de agua dulce que el r\u00edo Colorado vierte en el golfo de California debido, en parte, al aumento de la demanda de agua potable en el oeste de Estados Unidos. Adem\u00e1s, el agua que llega al golfo contiene una gran cantidad de residuos agr\u00edcolas que alteran su composici\u00f3n qu\u00edmica. La pesca ilegal de la totoaba tambi\u00e9n contribuye al problema.<\/p>\n<p>A pesar de la aprobaci\u00f3n de nuevas leyes, de la creaci\u00f3n de reservas espec\u00edficas y de la obtenci\u00f3n de fondos para su conservaci\u00f3n, la poblaci\u00f3n de vaquitas marinas sigue disminuyendo. Son muchas las organizaciones que est\u00e1n trabajando para solucionar el problema, entre ellas Earth Ocean, WWF, el Instituto Nacional de Ecolog\u00eda (INE), Whale Trackers, Ocean Foundation, VeoVerde, la Sea Shepherd Conservation Society, la Procuradur\u00eda Federal de Protecci\u00f3n al Ambiente (PROFEPA), el Centro Intercultural de Estudios de Desiertos y Oc\u00e9anos (CEDO), la Secretar\u00eda de Medio Ambiente y Recursos Naturales (SEMARNAT), la Armada de M\u00e9xico y Greenpeace.<\/p>\n<p>Seg\u00fan Greenpeace, en la actualidad quedan 97 ejemplares de vaquitas marinas de las 567 contabilizadas en 1997. El delf\u00edn chino de r\u00edo o baiji, end\u00e9mico del r\u00edo Yangtze, se convirti\u00f3 en 2007 en la primera especie de cet\u00e1ceos en extinguirse en la \u00e9poca moderna como resultado directo de la actividad humana.<\/p>\n<p>El Gobierno mexicano ha dise\u00f1ado un plan para salvar a las vaquitas. El pasado 16 de abril, el presidente Enrique Pe\u00f1a Nieto viaj\u00f3 a Baja California para anunciar junto al embajador estadounidense Anthony Wayne un acuerdo bilateral de protecci\u00f3n de las vaquitas y su ecosistema que contribuir\u00e1 a conservar la biodiversidad de M\u00e9xico.<\/p>\n<p>El presidente mexicano comunic\u00f3 la prohibici\u00f3n de pescar en la reserva de vaquitas durante dos a\u00f1os y dio a conocer los cuatro pilares de la estrategia gubernamental. Se ha duplicado la superficie de la reserva de 5.600 a 11.000\u00a0km y se conceder\u00e1n ayudas a los pescadores que opten por otros medios de vida. Los marinos mexicanos vigilar\u00e1n la pen\u00ednsula de Baja California con tres embarcaciones Defender FC-33 adquiridas para este fin y contar\u00e1n con la colaboraci\u00f3n del Ej\u00e9rcito mexicano para retirar las redes perjudiciales y fomentar el uso de alternativas sostenibles. La piedra angular del plan de conservaci\u00f3n ser\u00e1 el monitoreo de las vaquitas marinas durante dos a\u00f1os.<\/p>\n<p>Pe\u00f1a Nieto record\u00f3 que M\u00e9xico representa el 1% de la superficie de la Tierra pero alberga el 10% de la diversidad mundial.<\/p>\n<p>El embajador Wayne asegur\u00f3 que el presidente estadounidense Barack Obama desea acabar con la pesca ilegal del totoaba, una especie en peligro que alcanza precios desorbitados en el mercado negro chino. Como apoyo al plan del Gobierno mexicano, trabajar\u00e1n en la lucha contra el comercio ilegal de fauna salvaje.<br \/>\nUn d\u00eda despu\u00e9s del anuncio, el 17 de abril de 2015, se produjo la detenci\u00f3n de dos personas que estaban pescando totoabas en la reserva y que se enfrentan, seg\u00fan la prensa, a multas de hasta 3 millones de pesos mexicanos (200.000 d\u00f3lares) y a una pena de 12 a\u00f1os de prisi\u00f3n.<\/p>\n<p>Lo que necesitamos ahora es el apoyo de la poblaci\u00f3n. La pesca sigue siendo la mayor amenaza para los cet\u00e1ceos de todo el mundo, ya que la industria pesquera acaba con cientos de miles de mam\u00edferos marinos al a\u00f1o. \u00a1A\u00fan podemos hacer algo para salvar el planeta!<\/p>\n<p>Con el apoyo de padres y maestros, \u00a1los ni\u00f1os de diez a\u00f1os pueden conseguir cosas maravillosas! Es sorprendente comprobar la energ\u00eda y el entusiasmo que se esconden tras su proyecto y c\u00f3mo ha transcendido a las familias de los ni\u00f1os y al resto de la comunidad. El trabajo conjunto para lograr un objetivo com\u00fan ha revestido de la m\u00e1xima importancia hasta el m\u00e1s m\u00ednimo detalle del proyecto. <\/p>\n<p>La cita del libro \u201cUna Nueva Tierra\u201d de Eckhart Tolle se aplica perfectamente al tema de la conservaci\u00f3n ecol\u00f3gica y a la vida en general: \u00abEl universo es un conjunto indivisible en el que todo est\u00e1 interconectado, nada existe aislado\u00bb.<\/p>\n<p><a href=\"http:\/\/vaquita.tv\" target=\"_blank\">www.vaquita.tv<\/a><\/p>\n<h3>Adriana Santacruz Moctezuma<\/h3>\n<blockquote><p>\nAdriana Santacruz Moctezuma estudi\u00f3 una maestr\u00eda en Ciencias de la Educaci\u00f3n en la Universidad del Valle de M\u00e9xico y lleva tres d\u00e9cadas trabajando como profesora de ingl\u00e9s en su M\u00e9xico natal. Ha pasado por diversas instituciones educativas ense\u00f1ando a alumnos de todas las edades, desde preescolares a adultos. Siempre ha apoyado el cambio de los m\u00e9todos educativos tradicionales por enfoques constructivistas y ha sido testigo de la evoluci\u00f3n tecnol\u00f3gica. Cree que los maestros han de convertirse en modelos para sus alumnos e inspirarles en sus decisiones vitales. Su m\u00e9todo de ense\u00f1anza se basa en el planteamiento de preguntas para fomentar la reflexi\u00f3n y animar a los estudiantes a actuar.<\/p>\n<blockquote>\n<h3>Manuel Cabrera<\/h3>\n<blockquote><p>\nManuel Cabrera naci\u00f3 en la Ciudad de M\u00e9xico en 1986. Ah\u00ed estudi\u00f3 dise\u00f1o gr\u00e1fico en la Universidad Iberoamericana. Actualmente trabaja como dise\u00f1ador e ilustrador independiente y termina sus estudios de arquitectura.\n<\/p><\/blockquote>\n<p>Mayo 2015<br \/>\n\u00a9 Santacruz International Communication<\/p>\n","protected":false},"excerpt":{"rendered":"<p>\/\/ Salvemos a la vaquita marina, la marsopa del desierto \/\/ \u00abSi solo qued\u00e1ramos cien humanos, \u00bfla vaquita marina nos ayudar\u00eda?\u00bb Esa fue la pregunta que plante\u00f3 uno de mis alumnos de cuarto grado cuando hablamos en clase sobre las especies amenazadas. El estudio sobre la biodiversidad y sus interrelaciones impuls\u00f3 a los ni\u00f1os a [&hellip;]<\/p>\n","protected":false},"author":4,"featured_media":1215,"parent":0,"menu_order":0,"comment_status":"open","ping_status":"open","template":"page.php","meta":[],"_links":{"self":[{"href":"http:\/\/ourworld-magazine.com\/es\/wp-json\/wp\/v2\/pages\/1202"}],"collection":[{"href":"http:\/\/ourworld-magazine.com\/es\/wp-json\/wp\/v2\/pages"}],"about":[{"href":"http:\/\/ourworld-magazine.com\/es\/wp-json\/wp\/v2\/types\/page"}],"author":[{"embeddable":true,"href":"http:\/\/ourworld-magazine.com\/es\/wp-json\/wp\/v2\/users\/4"}],"replies":[{"embeddable":true,"href":"http:\/\/ourworld-magazine.com\/es\/wp-json\/wp\/v2\/comments?post=1202"}],"version-history":[{"count":7,"href":"http:\/\/ourworld-magazine.com\/es\/wp-json\/wp\/v2\/pages\/1202\/revisions"}],"predecessor-version":[{"id":1212,"href":"http:\/\/ourworld-magazine.com\/es\/wp-json\/wp\/v2\/pages\/1202\/revisions\/1212"}],"wp:featuredmedia":[{"embeddable":true,"href":"http:\/\/ourworld-magazine.com\/es\/wp-json\/wp\/v2\/media\/1215"}],"wp:attachment":[{"href":"http:\/\/ourworld-magazine.com\/es\/wp-json\/wp\/v2\/media?parent=1202"}],"curies":[{"name":"wp","href":"https:\/\/api.w.org\/{rel}","templated":true}]}}