{"id":1217,"date":"2015-06-15T14:54:58","date_gmt":"2015-06-15T12:54:58","guid":{"rendered":"http:\/\/ourworld-magazine.com\/es\/?page_id=1217"},"modified":"2015-11-27T10:03:20","modified_gmt":"2015-11-27T09:03:20","slug":"our-world-twenty-one","status":"publish","type":"page","link":"http:\/\/ourworld-magazine.com\/es\/our-world-twenty-one\/","title":{"rendered":"Our World Twenty-One"},"content":{"rendered":"<p><img loading=\"lazy\" src=\"http:\/\/ourworld-magazine.com\/es\/wp-content\/uploads\/sites\/4\/2015\/06\/Illu_Acalltoaction.jpg\" alt=\"Illu_Acalltoaction\" width=\"507\" height=\"313\" class=\"alignleft size-full wp-image-1226\" srcset=\"http:\/\/ourworld-magazine.com\/es\/wp-content\/uploads\/sites\/4\/2015\/06\/Illu_Acalltoaction.jpg 507w, http:\/\/ourworld-magazine.com\/es\/wp-content\/uploads\/sites\/4\/2015\/06\/Illu_Acalltoaction-300x185.jpg 300w\" sizes=\"(max-width: 507px) 100vw, 507px\" \/><\/p>\n<h1>\/\/ Rusia en el orden mundial contempor\u00e1neo \/\/<\/h1>\n<p>Con asiduidad se habla de la transformaci\u00f3n que se ha dado en el sistema contempor\u00e1neo de las relaciones internacionales. Esta transformaci\u00f3n viene inducida por hitos alcanzados a lo largo de la historia, como pueden ser la intensificaci\u00f3n de la comunicaci\u00f3n global en red, la sincronizaci\u00f3n de los valores culturales con el desarrollo del s\u00edndrome de la \u00abaldea global\u00bb, el aumento del poder que adquieren las marcas en una sociedad postmoderna basada en el bienestar y el consumo as\u00ed como tantos otros. Vivimos en un mundo de grandes contradicciones que aspira a estar unido dentro de la diversidad y a gozar de una democracia y un bienestar globales por un lado, pero dominado, por el otro, por la noci\u00f3n del poder. Sea blando o duro, el poder es lo que determina el rol de cada agente dentro del sistema de las relaciones internacionales.<\/p>\n<p>\u00bfQu\u00e9 es un sistema de relaciones internacionales? En general, se trata de una unidad compleja que consiste, como m\u00ednimo, de tres elementos b\u00e1sicos: agentes, v\u00ednculos entre los agentes y el medio externo en el que los agentes establecen esos contactos rec\u00edprocos. Hoy en d\u00eda, el sistema de relaciones internacionales incluye agentes o global players \u2013estados soberanos, organizaciones internacionales, organizaciones no gubernamentales, corporaciones transnacionales y a veces incluso personas individuales\u2013 vinculados entre s\u00ed mediante diferentes tipos de relaciones \u2013econ\u00f3micas, pol\u00edticas, culturales, militares\u2013 en una determinada \u00e9poca.<\/p>\n<p>Todos estos agentes, con una red de v\u00ednculos establecida en un medio existencial muy concreto, conforman el sistema de relaciones internacionales, el llamado orden mundial. Este orden tiene elementos muy dispares que pueden ser estructurados y claramente definidos, pero tambi\u00e9n difusos y transitorios. En ning\u00fan caso se trata de un sistema fijo, est\u00e1tico. Es un organismo vivo que se desarrolla y va adoptando nuevas formas reflejando as\u00ed el paradigma del statu quo en las relaciones internacionales.<\/p>\n<p>En el plano diacr\u00f3nico, la constelaci\u00f3n del orden mundial ha venido cambiando sendas veces: a lo largo de la historia ha sido multilateral, bilateral, unilateral&#8230; Sin embargo, la \u00faltima gran transformaci\u00f3n se dio con el derrumbe de la URSS, que marc\u00f3 el final de la Guerra Fr\u00eda y el sistema de relaciones bilaterales con dos grandes potencias que defin\u00edan el orden mundial. <\/p>\n<p>Despu\u00e9s del colapso de uno de estos dos polos, la URSS, el sistema pas\u00f3 a ser unilateral quedando Estados Unidos como \u00fanica gran potencia. Rusia se convirti\u00f3 en un \u00eddolo con pies de barro y un pasado dif\u00edcil, un presente aun m\u00e1s arduo y un futuro completamente incierto. La sociedad, que durante d\u00e9cadas hab\u00eda vivido el sue\u00f1o de estar construyendo una utop\u00eda comunista, se vio desorientada. Las titubeantes actuaciones pol\u00edticas por parte de las \u00e9lites abarcaban desde el servilismo hasta deficientes intentos para proteger los intereses nacionales. Se instaur\u00f3 un estado de emergencia permanente que por un lado conllevaba permisividad, pero por el otro desat\u00f3 una cacer\u00eda de brujas. Todos estos factores contribuyeron al declive del poder de Rusia, que termin\u00f3 perdiendo su rol como global player.<\/p>\n<p>Los \u00abaires de cambio\u00bb en la autopercepci\u00f3n rusa llegaron con el nuevo milenio. El gobierno de Vladimir Putin se marc\u00f3 el objetivo de reinventar el papel de Rusia dentro de un mundo globalizado y redefinir as\u00ed su lugar en el escenario internacional. Sin embargo, una gran encomienda como esta no es algo que se pueda realizar en un a\u00f1o; ni siquiera en diez. Se trata de un proyecto estrat\u00e9gico a largo plazo que deber\u00eda considerarse una prioridad clave a nivel nacional.<\/p>\n<p>La definici\u00f3n del papel que juega un pa\u00eds en el terreno internacional est\u00e1 intr\u00ednsecamente ligada a la cuesti\u00f3n b\u00e1sica de la identidad y la ideolog\u00eda nacionales. Despu\u00e9s del desmembramiento de la URSS, Rusia qued\u00f3 ideol\u00f3gicamente despojada: hab\u00eda desaparecido la misi\u00f3n de pa\u00eds como Uni\u00f3n Sovi\u00e9tica. El vac\u00edo creado se llen\u00f3 de t\u00edpicos interrogantes identitarios: \u00bfSomos Oriente u Occidente? \u00bfCu\u00e1l es nuestra ideolog\u00eda como naci\u00f3n? \u00bfD\u00f3nde querremos estar dentro de 20 o 30 a\u00f1os? <\/p>\n<p>La Rusia actual considera que su objetivo es recuperar esa relevancia a nivel internacional. Hay que admitir que Rusia tiene mucho menos que ofrecer a la comunidad internacional en este momento. Aparte de petr\u00f3leo, Rusia no exporta grandes marcas mundialmente reconocidas. Obviamente Rusia posee un gran patrimonio cultural. Sin embargo, el pa\u00eds no puede limitarse a permanecer anclado en los logros del pasado explotando el capital simb\u00f3lico de Tolst\u00f3i, Dostoyevski, el ballet ruso, el Sputnik y Gagarin, sino que tambi\u00e9n deber\u00eda ofrecer valores relevantes en el presente.<\/p>\n<p>Por otra parte, en vez de incrementar su soft power, Rusia sigue apostando por el poder duro, que es efectivo a la hora de obtener resultados inmediatos y de demostrar al mundo \u00abqui\u00e9n manda aqu\u00ed\u00bb. Parece ser que las \u00e9lites rusas han recuperado la idea de un Mosc\u00fa a modo de Tercera Roma, el gran centro de poder de la pol\u00edtica mundial. Sin embargo, \u00bfsigue esta siendo una idea v\u00e1lida hoy en d\u00eda?<\/p>\n<p>Tengo la firme convicci\u00f3n de que, en lugar de una Tercera Roma \u2013con un extenso imperio y gran importancia pol\u00edtica a nivel global\u2013, Rusia deber\u00eda apostar por llegar a ser la Segunda Antigua Grecia \u2013un centro de cultura ortodoxa, ciencia e innovaci\u00f3n. Rusia deber\u00eda retomar su poder como n\u00facleo cultural del mundo paneslavo y restablecer su peso geopol\u00edtico en un espacio post-sovi\u00e9tico.<\/p>\n<p>Actualmente Rusia est\u00e1 perdiendo la influencia en dicho espacio, ya que muchos Estados de la antigua URSS se ven atra\u00eddos por un encaje occidental. El poder de seducci\u00f3n reside en el hecho de que este nuevo encaje puede servir para eliminar el pasado sovi\u00e9tico reemplaz\u00e1ndolo por un futuro de enfoque occidental, que cada vez adquiere m\u00e1s atractivo, ya que tiene mucho que ofrecer. La dudosa posibilidad de entrar en la UE tiene mucho m\u00e1s peso que el hecho de ser estados miembro de la Comunidad de Estados Independientes.<\/p>\n<p>Rusia conserva cierta influencia en el espacio post-sovi\u00e9tico, aunque ya en declive. As\u00ed, por ahora, Rusia deber\u00eda abandonar sus ambiciones como global player y centrarse inicialmente en restablecer su papel como l\u00edder de opini\u00f3n a nivel regional. Ese liderazgo deber\u00eda estar basado en la identidad cultural y la historia y el patrimonio simb\u00f3lico compartidos. Rusia deber\u00eda reconsiderar el uso de poder blando y centrarse en su posici\u00f3n como n\u00facleo cultural potente que puede ofrecer tanto valores atractivos as\u00ed como logros culturales y cient\u00edficos a terceros pa\u00edses.<\/p>\n<p>Junto al enfoque cultural, Rusia deber\u00eda apostar por ofrecer a la comunidad post-sovi\u00e9tica un proyecto atractivo que sirva de alternativa a lo que pueden ofrecer la Uni\u00f3n Europea y Occidente en general. Podr\u00eda tratarse de una Comunidad de Estados Independientes reconfigurada con una integraci\u00f3n econ\u00f3mica m\u00e1s profunda, colaboraci\u00f3n en materia de seguridad e intercambio cultural. El papel que deber\u00eda adoptar es el de elemento de uni\u00f3n, creador de un complejo estable e integrado que proteja los intereses nacionales tanto propios como de los dem\u00e1s miembros de la uni\u00f3n proporcion\u00e1ndoles una voz potente en las esferas internacionales.<\/p>\n<h3>Olga Hauer-Tyukarkinaa<\/h3>\n<blockquote><p> Olga Hauer-Tyukarkina naci\u00f3 en 1988 en Rusia. Se ha doctorado en Ciencias Pol\u00edticas en la Universidad Estatal de Mosc\u00fa, donde actualmente imparte docencia sobre conflictolog\u00eda pol\u00edtica y diplomacia p\u00fablica en la Facultad de Ciencias Pol\u00edticas. Ha publicado varios libros y art\u00edculos en este mismo \u00e1mbito y es experta en comunicaci\u00f3n y relaciones p\u00fablicas.<\/p>\n<blockquote>\n<h3>Manuel Cabrera<\/h3>\n<blockquote><p> Manuel Cabrera naci\u00f3 en la Ciudad de M\u00e9xico en 1986. Ah\u00ed estudi\u00f3 dise\u00f1o gr\u00e1fico en la Universidad Iberoamericana. Actualmente trabaja como dise\u00f1ador e ilustrador independiente y termina sus estudios de arquitectura. <\/p><\/blockquote>\n<p>Junio 2015<br \/>\n\u00a9 Santacruz International Communication<\/p>\n","protected":false},"excerpt":{"rendered":"<p>\/\/ Rusia en el orden mundial contempor\u00e1neo \/\/ Con asiduidad se habla de la transformaci\u00f3n que se ha dado en el sistema contempor\u00e1neo de las relaciones internacionales. Esta transformaci\u00f3n viene inducida por hitos alcanzados a lo largo de la historia, como pueden ser la intensificaci\u00f3n de la comunicaci\u00f3n global en red, la sincronizaci\u00f3n de los [&hellip;]<\/p>\n","protected":false},"author":4,"featured_media":1223,"parent":0,"menu_order":0,"comment_status":"open","ping_status":"open","template":"page.php","meta":[],"_links":{"self":[{"href":"http:\/\/ourworld-magazine.com\/es\/wp-json\/wp\/v2\/pages\/1217"}],"collection":[{"href":"http:\/\/ourworld-magazine.com\/es\/wp-json\/wp\/v2\/pages"}],"about":[{"href":"http:\/\/ourworld-magazine.com\/es\/wp-json\/wp\/v2\/types\/page"}],"author":[{"embeddable":true,"href":"http:\/\/ourworld-magazine.com\/es\/wp-json\/wp\/v2\/users\/4"}],"replies":[{"embeddable":true,"href":"http:\/\/ourworld-magazine.com\/es\/wp-json\/wp\/v2\/comments?post=1217"}],"version-history":[{"count":6,"href":"http:\/\/ourworld-magazine.com\/es\/wp-json\/wp\/v2\/pages\/1217\/revisions"}],"predecessor-version":[{"id":1227,"href":"http:\/\/ourworld-magazine.com\/es\/wp-json\/wp\/v2\/pages\/1217\/revisions\/1227"}],"wp:featuredmedia":[{"embeddable":true,"href":"http:\/\/ourworld-magazine.com\/es\/wp-json\/wp\/v2\/media\/1223"}],"wp:attachment":[{"href":"http:\/\/ourworld-magazine.com\/es\/wp-json\/wp\/v2\/media?parent=1217"}],"curies":[{"name":"wp","href":"https:\/\/api.w.org\/{rel}","templated":true}]}}