{"id":1237,"date":"2015-08-19T11:48:18","date_gmt":"2015-08-19T09:48:18","guid":{"rendered":"http:\/\/ourworld-magazine.com\/es\/?page_id=1237"},"modified":"2015-11-27T10:02:47","modified_gmt":"2015-11-27T09:02:47","slug":"our-world-twenty-three","status":"publish","type":"page","link":"http:\/\/ourworld-magazine.com\/es\/our-world-twenty-three\/","title":{"rendered":"Our World Twenty-Three"},"content":{"rendered":"<p><img loading=\"lazy\" src=\"http:\/\/ourworld-magazine.com\/es\/wp-content\/uploads\/sites\/4\/2015\/08\/Illu_Quetzalcoatl.jpg\" alt=\"Illu_Quetzalcoatl\" width=\"507\" height=\"314\" class=\"alignleft size-full wp-image-1241\" srcset=\"http:\/\/ourworld-magazine.com\/es\/wp-content\/uploads\/sites\/4\/2015\/08\/Illu_Quetzalcoatl.jpg 507w, http:\/\/ourworld-magazine.com\/es\/wp-content\/uploads\/sites\/4\/2015\/08\/Illu_Quetzalcoatl-300x186.jpg 300w\" sizes=\"(max-width: 507px) 100vw, 507px\" \/><\/p>\n<h1>\/\/Situaci\u00f3n del dise\u00f1o en M\u00e9xico  \/\/<\/h1>\n<p>Hace apenas pocos a\u00f1os, el dise\u00f1o era un objeto de aut\u00e9ntico lujo en M\u00e9xico. Hoy constatamos su democratizaci\u00f3n. Durante el siglo veinte fueron pocos los expertos \u2013en las artes decorativas en general\u2013 que se irguieron por encima del sentido pragm\u00e1tico y que consiguieron alg\u00fan logro en este plano. En la arquitectura modernista descuellan, por ejemplo, Mathias Goeritz, Mario Pani, Luis Barrag\u00e1n. En el \u00e1mbito mobiliario vale la pena mencionar a Don S. Shoemaker, un estadunidense que se avecind\u00f3 en Morelia, Michoac\u00e1n, y que fund\u00f3 la compa\u00f1\u00eda Se\u00f1al. En el norte del pa\u00eds, en Monterrey, destacaba desde hac\u00eda algunas d\u00e9cadas ya la compa\u00f1\u00eda La Malinche, que principalmente imitaba dise\u00f1os escandinavos.<\/p>\n<p>Con la aparici\u00f3n del internet y la eclosi\u00f3n de las distancias, el pa\u00eds ha visto un \u00edmpetu sin par en la dise\u00f1\u00edstica en general, desde el dise\u00f1o de modas y el gr\u00e1fico, hasta el automotriz o el arquitect\u00f3nico de gran escala. En M\u00e9xico se dise\u00f1an hoy el aeropuerto m\u00e1s grande del continente, coches y bicicletas, joyas, videojuegos, drones, casi todo. Falta a\u00fan haute couture y algunos otros nichos, pero realmente pocos. El reto para los pr\u00f3ximos a\u00f1os ser\u00e1 pulir aristas y profesionalizar algunos sectores donde se ha ca\u00eddo ya en la imitaci\u00f3n de modelos extranjeros o en muletillas indeseables.<\/p>\n<p>De ninguna manera se trata de un fen\u00f3meno exclusivo de la capital, sino que surgen por toda la geograf\u00eda nacional nuevas iniciativas y proyectos de esta \u00edndole. En Monterrey, por ejemplo, hay una efervescencia de dise\u00f1o gr\u00e1fico y clientes con gran poder adquisitivo han comisionado casas particulares a starchitects de la talla de Tadao Ando o C\u00e9sar Pelli. Hace poco se anunci\u00f3 un complejo residencial a las afueras de la ciudad dise\u00f1ado por Zaha Hadid. Curiosamente, la clase creativa regiomontana ha emigrado en buena medida al Distrito Federal, donde ha abierto ferias de arte, bares y hasta librer\u00edas especializadas.<\/p>\n<p>Tijuana es otro sitio de gran inter\u00e9s. Su proximidad con Estados Unidos modula la vida art\u00edstica y cultural. En Le\u00f3n, Guanajuato, se construy\u00f3 hace poco un centro cultural dise\u00f1ado por I. M. Pei. Pululan los hoteles de dise\u00f1o; se encuentran propuestas dispares en sitios tan diferentes como Campeche, Guadalajara o Puebla y entre la poblaci\u00f3n ind\u00edgena, se\u00f1aladamente entre los huicholes. Se entr\u00f3 as\u00ed a una nueva \u00e9poca en que las artesan\u00edas tradicionalmente ind\u00edgenas han sido llevadas a una nueva dimensi\u00f3n gracias a la intervenci\u00f3n de destacados dise\u00f1adores. El mercado se internacionaliz\u00f3, pues se abrieron canales para nichos insospechados, incluso de lujo, lo que se antojar\u00eda contraintuitivo.<\/p>\n<p>En el \u00e1mbito acad\u00e9mico ha habido un importante incremento tanto en la apertura de nuevos programas de estudio, incluyendo carreras profesionales, como, incluso, universidades especializadas en las distintas ramas del dise\u00f1o. Los programas de intercambio con instituciones extranjeras han facilitado el intercambio de experiencias vivenciales pero tambi\u00e9n, como se\u00f1al\u00f3 hace ciento cincuenta a\u00f1os Robert Louis Stevenson, la adopci\u00f3n indiscriminada de modelos que no siempre son los \u00f3ptimos para nuestros contextos y para los cuales no vale una simple tropicalizaci\u00f3n.<\/p>\n<p>Los medios y la cr\u00edtica se lo han tomado con seriedad. Las revistas especializadas \u2013impresas y digitales\u2013 son ya numerosas y cubren toda la gama de la dise\u00f1\u00edstica, con resultados a\u00fan irregulares. Como editor de la plataforma digital m\u00e1s joven en lengua castellana especializada en dise\u00f1o, arte y arquitectura \u2013designboom espa\u00f1ol\u2013, soy de la opini\u00f3n de que a\u00fan falta profesionalizar nuestra industria. Es complejo conformar equipos de trabajo competentes, la ortograf\u00eda escasea tanto que da terror, pero el entusiasmo de los j\u00f3venes es absoluto. La generaci\u00f3n millenial est\u00e1 al d\u00eda \u2013no: realmente al instante\u2013 gracias a las redes sociales y a la inmediatez de la comunicaci\u00f3n. Adem\u00e1s, ya es posible comprar en el pa\u00eds marcas que hasta hace poco se consum\u00edan tan solo en viajes a Estados Unidos o Europa.<\/p>\n<p>Si tuviera que elegir tres \u00e1mbitos donde querr\u00eda una participaci\u00f3n m\u00e1s creativa me quedar\u00eda con haute couture \u2013en serio, no de broma, pero para esto a\u00fan falta mucho conocimiento y experiencia y un talento que lo detone\u2013, radio \u2013seguimos esclavizados a la verborrea vacua de los comentadores y a sus discos de hace muchos quinquenios\u2013 y al ya descrito empe\u00f1o editorial. Se me dir\u00e1 tal vez que la televisi\u00f3n deber\u00eda anteceder a la radio; puede ser, pero no olvidemos que en M\u00e9xico la televisi\u00f3n y su producto m\u00e1s preciado, la telenovela, surgi\u00f3 precisamente de la radio y de la radionovela. \u00bfNo podr\u00edamos imaginar un nuevo horizonte radiof\u00f3nico que remueva a la televisi\u00f3n de su hast\u00edo? Quiz\u00e1 el cambio provenga por presi\u00f3n externa, pues cada vez menos usuarios gozan de la televisi\u00f3n, que ha sido sustituida por dispositivos m\u00f3viles aptos para reproducir videos en l\u00ednea.<\/p>\n<p>Falta a\u00fan desarrollar el e-commerce especializado en dise\u00f1o. El momento es id\u00f3neo, tal como lo dejan ver las nuevas iniciativas que han proliferado los \u00faltimos meses en Europa, como por ejemplo la nov\u00edsima tienda en l\u00ednea de la revista inglesa Wallpaper*. Por contraparte, en oto\u00f1o veremos el estreno de una feria de foto, con lo que queda comprobada como cierta la impresi\u00f3n que todos los turistas extranjeros se llevan al visitar M\u00e9xico: que est\u00e1n sucediendo muchas cosas inauditas y que la efervescencia es total.<\/p>\n<h3>Enrique G de la G<\/h3>\n<blockquote><p>\nEnrique G de la G (Monterrey, 1979) estudi\u00f3 filosof\u00eda en M\u00e9xico y se doctor\u00f3 en Berl\u00edn con una tesis sobre Arist\u00f3teles. Trabaj\u00f3 en Frankfurter Allgemeine Sonntagszeitung, en ZEITmagazin y en Weltkunst. Desde 2011 vive en M\u00e9xico, donde trabaj\u00f3 como editor de Letras Libres y, actualmente, dirige designboom espa\u00f1ol, la nueva edici\u00f3n en castellano de la reconocida plataforma digital especializada en dise\u00f1o y arte designboom. Adem\u00e1s, trabaja como escritor y traductor independiente de textos acad\u00e9micos, ensayos y novelas para El Colegio de M\u00e9xico, Oc\u00e9ano y Herder, entre otros.<\/p>\n<blockquote>\n<h3>Manuel Cabrera<\/h3>\n<blockquote><p>\nManuel Cabrera naci\u00f3 en la Ciudad de M\u00e9xico en 1986. Ah\u00ed estudi\u00f3 dise\u00f1o gr\u00e1fico en la Universidad Iberoamericana. Actualmente trabaja como dise\u00f1ador e ilustrador independiente y termina sus estudios de arquitectura.\n<\/p><\/blockquote>\n<p>Agosto 2015<br \/>\n\u00a9 Santacruz International Communication<\/p>\n","protected":false},"excerpt":{"rendered":"<p>\/\/Situaci\u00f3n del dise\u00f1o en M\u00e9xico \/\/ Hace apenas pocos a\u00f1os, el dise\u00f1o era un objeto de aut\u00e9ntico lujo en M\u00e9xico. Hoy constatamos su democratizaci\u00f3n. Durante el siglo veinte fueron pocos los expertos \u2013en las artes decorativas en general\u2013 que se irguieron por encima del sentido pragm\u00e1tico y que consiguieron alg\u00fan logro en este plano. En [&hellip;]<\/p>\n","protected":false},"author":4,"featured_media":1239,"parent":0,"menu_order":0,"comment_status":"open","ping_status":"open","template":"","meta":[],"_links":{"self":[{"href":"http:\/\/ourworld-magazine.com\/es\/wp-json\/wp\/v2\/pages\/1237"}],"collection":[{"href":"http:\/\/ourworld-magazine.com\/es\/wp-json\/wp\/v2\/pages"}],"about":[{"href":"http:\/\/ourworld-magazine.com\/es\/wp-json\/wp\/v2\/types\/page"}],"author":[{"embeddable":true,"href":"http:\/\/ourworld-magazine.com\/es\/wp-json\/wp\/v2\/users\/4"}],"replies":[{"embeddable":true,"href":"http:\/\/ourworld-magazine.com\/es\/wp-json\/wp\/v2\/comments?post=1237"}],"version-history":[{"count":5,"href":"http:\/\/ourworld-magazine.com\/es\/wp-json\/wp\/v2\/pages\/1237\/revisions"}],"predecessor-version":[{"id":1260,"href":"http:\/\/ourworld-magazine.com\/es\/wp-json\/wp\/v2\/pages\/1237\/revisions\/1260"}],"wp:featuredmedia":[{"embeddable":true,"href":"http:\/\/ourworld-magazine.com\/es\/wp-json\/wp\/v2\/media\/1239"}],"wp:attachment":[{"href":"http:\/\/ourworld-magazine.com\/es\/wp-json\/wp\/v2\/media?parent=1237"}],"curies":[{"name":"wp","href":"https:\/\/api.w.org\/{rel}","templated":true}]}}