{"id":707,"date":"2014-02-12T12:53:31","date_gmt":"2014-02-12T12:53:31","guid":{"rendered":"http:\/\/ourworld-magazine.com\/es\/?page_id=707"},"modified":"2015-04-15T13:58:13","modified_gmt":"2015-04-15T13:58:13","slug":"our-world-five","status":"publish","type":"page","link":"http:\/\/ourworld-magazine.com\/es\/our-world-five\/","title":{"rendered":"Our World Five"},"content":{"rendered":"<p><img loading=\"lazy\" src=\"http:\/\/ourworld-magazine.com\/es\/wp-content\/uploads\/sites\/4\/2014\/02\/transitions_illu.jpg\" alt=\"transitions_illu\" width=\"507\" height=\"520\" class=\"alignnone size-full wp-image-690\" srcset=\"http:\/\/ourworld-magazine.com\/es\/wp-content\/uploads\/sites\/4\/2014\/02\/transitions_illu.jpg 507w, http:\/\/ourworld-magazine.com\/es\/wp-content\/uploads\/sites\/4\/2014\/02\/transitions_illu-292x300.jpg 292w\" sizes=\"(max-width: 507px) 100vw, 507px\" \/><\/p>\n<h1>\/\/ Cada mesa, un Vietnam \/\/<\/h1>\n<blockquote><p>\u201cPuede decirse con seriedad que el periodismo, primera \u00faltima de todas las cosas, como hubiera dicho Esopo, ha creado a los hombres una vida completamente nueva, llena de progresos, de ventajas y de cuidados. Esta voz de la humanidad que viene cada ma\u00f1ana a nuestro despertar a contarnos c\u00f3mo ha vivido la humanidad la v\u00edspera, proclamando ya grandes verdades, ya espantosas mentiras, pero siempre marcando cada uno de los pasos del ser humano y sonando a todas horas de la vida colectiva&#8230;\u201d. <\/p><\/blockquote>\n<p>La arist\u00f3crata francesa Amandine Aurore Lucile Dupin escribi\u00f3 bajo el seud\u00f3nimo masculino de George Sand el p\u00e1rrafo que abre este texto durante una estancia en isla de Mallorca entre los a\u00f1os 1838 y 1839. Con la Revoluci\u00f3n Francesa todav\u00eda muy fresca en la intelectualidad gala de la \u00e9poca, Dupin (o Sand) expone con gran claridad el alto valor que el periodismo (esa labor de saber contar con tino historias m\u00e1s o menos relevantes para el conjunto de la sociedad) tuvo en la modernidad.<\/p>\n<p>De camino a que se cumplan los 200 a\u00f1os del pu\u00f1ado de l\u00edneas trazadas por Dupin, algunos parecen empe\u00f1ados en enterrar al periodismo, tal y como se hiciera ya con la modernidad, periodo historiogr\u00e1fico en el que la tarea de describir la realidad a trav\u00e9s de la raz\u00f3n tanta importancia tuvo en la b\u00fasqueda de la verdad. Con la inauguraci\u00f3n de la postmodernidad, el concepto de verdad pareci\u00f3 saltar en mil pedazos, al igual que la importancia de su b\u00fasqueda. Con el inicio de la postmodernidad, todo se convirti\u00f3 en relativo y poli\u00e9drico. Tambi\u00e9n la verdad, fin \u00faltimo del periodismo honesto.<\/p>\n<p>El cierre de decenas de medios de comunicaci\u00f3n, el consecuente despido de miles de periodistas en todo el mundo y la aparentemente imparable precarizaci\u00f3n de las condiciones laborales de aquellos profesionales de la informaci\u00f3n que todav\u00eda tienen un puesto de trabajo parecen darle la raz\u00f3n a esas voces agoreras, tan del gusto del relativismo postmoderno, que dan por amortizada la noble profesi\u00f3n de (intentar) explicar a diario lo que ocurre a nuestro alrededor, de hacerse preguntas y de contestarlas a trav\u00e9s de m\u00e1s preguntas.<\/p>\n<h3>El mejor de los mundos posibles<\/h3>\n<blockquote><\/blockquote>\n<p>Hace una d\u00e9cada, el proceso de precarizaci\u00f3n de las condiciones laborales de los periodistas en pa\u00edses europeos como Espa\u00f1a ya hab\u00eda comenzado. Ello a pesar de que la vieja Europa, ahora instalada en una crisis econ\u00f3mica, pol\u00edtica y de identidad de consecuencias todav\u00eda impredecibles, parec\u00eda vivir en el mejor de los mundos posibles. Las econom\u00edas nacionales crec\u00edan, se creaban puestos de trabajo, los bancos conced\u00edan cr\u00e9ditos y los ciudadanos consum\u00edan. <\/p>\n<p>Y pese a que el c\u00edrculo virtuoso del sistema capitalista funcionaba a la perfecci\u00f3n, tanto en los medios de comunicaci\u00f3n como en las facultades universitarias de periodismo ya cund\u00eda el mensaje de que la profesi\u00f3n de contar historias no ten\u00eda futuro. \u00bfPreparaban el terreno los grandes conglomerados medi\u00e1ticos para lo que estaba por venir?, me pregunto ahora, diez a\u00f1os despu\u00e9s, mientras redacto estas l\u00edneas.<\/p>\n<p>Sea como fuere, el futuro ya est\u00e1 aqu\u00ed: redacciones desmanteladas (o en proceso de desmantelamiento) de diarios anta\u00f1o referenciales e imprescindibles para descifrar la realidad global; empresas de informaci\u00f3n engullidas por grupos cuyos intereses poco o nada tienen que ver con el buen periodismo; redacciones en las que el corta y pega ha sustituido a la investigaci\u00f3n seria y honesta; profesionales que desempe\u00f1an el periodismo atemorizados por perder su trabajo, que evitan hacer preguntas inc\u00f3modas sobre el poder pol\u00edtico y econ\u00f3mico que pende sobre ellos, y que, por tanto, traicionan la esencia misma de su profesi\u00f3n: hacer preguntas que lleven a m\u00e1s preguntas, que acaben desembocando en respuestas, que permitan servir una cierta raci\u00f3n de verdad al lector, espectador u oyente. <\/p>\n<p>As\u00ed las cosas, \u00bfest\u00e1 el periodismo condenado a desaparecer? Si la verdad est\u00e1 muerta, \u00bfha perdido realmente la profesi\u00f3n period\u00edstica toda raz\u00f3n de ser? Al igual que tras el estallido de la crisis sist\u00e9mica del capitalismo supimos que pa\u00edses europeos como Espa\u00f1a estaban lejos de vivir en el mejor de los mundos posibles, hoy y aqu\u00ed podemos ofrecer una exclusiva: el buen periodismo seguir\u00e1 vivo dentro de diez a\u00f1os pese a todas las dificultades financieras a las que est\u00e1 haciendo y a las que tendr\u00e1 que hacer frente. Y, parad\u00f3jicamente, esa pobre pero robusta salud del buen periodismo tiene bastante que ver con la destructiva y omnipresente crisis econ\u00f3mica. <\/p>\n<h3> Periodista pobre, periodista inc\u00f3modo<\/h3>\n<blockquote><\/blockquote>\n<p>\u201cUna cuenta raqu\u00edtica en el banco y un poco de rabia en el est\u00f3mago favorecen el mejor periodismo\u201d. Esta frase es de Enric Gonz\u00e1lez, experiodista del diario espa\u00f1ol El Pa\u00eds, actualmente en n\u00f3mina del peri\u00f3dico El Mundo: fue uno de los profesionales que se qued\u00f3 sin trabajo en una de las \u00faltimas oleadas de despidos decidida por la actual direcci\u00f3n del que fuera un gran peri\u00f3dico (me refiero a la primera de las publicaciones mencionadas).<\/p>\n<p>Como bien apunta Gonz\u00e1lez, por lo general, cuanto m\u00e1s dinero tiene un periodista en el banco, menos inc\u00f3modas se vuelven sus preguntas y menos incisivos sus reportajes. Cuando en la Espa\u00f1a de hace diez a\u00f1os, los profesionales de la informaci\u00f3n se preguntaban sobre los porqu\u00e9s del fracaso de programas de investigaci\u00f3n period\u00edstica en televisi\u00f3n, mientras la \u201ctele-basura\u201d o los contenidos de calidad insultante obten\u00edan grandes audiencias, la respuesta sol\u00eda ser siempre la misma: \u201cEs lo que la gente quiere\u201d. <\/p>\n<p>La \u00e9poca de la vacas gordas, del flujo eterno de cr\u00e9dito y del c\u00edrculo virtuoso del capitalismo es historia en Espa\u00f1a. Y con ello, el gusto de la gente parece haber cambiado, al menos en parte: imprescindibles, recomendables e inc\u00f3modos programas televisivos de investigaci\u00f3n como Jordi \u00c9vole, han conseguido cuotas de pantalla de m\u00e1s del 15 por ciento, algo impensable hace diez a\u00f1os, cuando Europa \u201cviv\u00eda\u201d en el mejor de los mundos posibles. Programas que abordan temas de inter\u00e9s general bien inc\u00f3modos para con el poder pol\u00edtico y, sobre todo, con el econ\u00f3mico recuperan un espacio que hab\u00edan perdido cuando a todos nos iba aparentemente mejor que ahora.<\/p>\n<p>En su libro &#8216;Memorias l\u00edquidas&#8217;, Enric Gonz\u00e1lez reconoce que Josep Mar\u00eda Huertas Claver\u00eda fue fundamental en su carrera profesional: \u201cCada mesa de la redacci\u00f3n, seg\u00fan la \u00abdoctrina Huertas\u00bb, deb\u00eda ser una trinchera de resistencia frente a la empresa y los dem\u00e1s poderes. La \u00abdoctrina Huertas\u00bb, de la que me declaro seguidor, considera que la legitimidad de un peri\u00f3dico radica en su redacci\u00f3n, no en los intereses de sus propietarios\u201d, escribe el experiodista de El Pa\u00eds. Jordi \u00c9vole, director del programa Salvados, tambi\u00e9n ha declarado alguna vez ser un fiel seguidor de la \u00abdoctrina Huertas\u00bb.<\/p>\n<p>As\u00ed las cosas, y pese a la crisis econ\u00f3mica (o precisamente gracias a ella), no hay nadie que parezca estar m\u00e1s lejos de la verdad que aquellos que pregonan a los cuatro vientos el fin del periodismo. Los que vaticinan su fin errar\u00e1n como aqu\u00e9llos que predijeron el \u201cfin de la historia\u201d tras la ca\u00edda del Muro de Berl\u00edn y el fin de la Guerra Fr\u00eda. <\/p>\n<p>Digan lo que digan, nada ni nadie podr\u00e1 sustituir el irremplazable valor de esta profesi\u00f3n. O como lo escribe apasionadamente Enric Gonzalez: \u201cNo hay que olvidarlo: cada mesa, un Vietnam. Hay que resistir, hay que intentarlo siempre. Al periodista le pagan para que haga de periodista. Para lo otro est\u00e1n los jefes.\u201d<\/p>\n<h3>Andreu Jerez<\/h3>\n<blockquote><p>Andreu Jerez naci\u00f3 en Murcia (Espa\u00f1a) en 1982. Tras estudiar periodismo en la Universidad Aut\u00f3noma de Barcelona y trabajar en diferentes medios de la capital catalana, decidi\u00f3 marcharse a Berl\u00edn intuyendo la crisis que se cern\u00eda sobre las econom\u00edas del sur de Europa. Actualmente, colabora desde la capital alemana con diferentes medios de comunicaci\u00f3n, como la televisi\u00f3n internacional alemana Deutsche Welle, el diario espa\u00f1ol ABC, el semanario catal\u00e1n Directa o el portal digital esglobal.org. Adem\u00e1s, es miembro del colectivo Contrast, y cuelga cr\u00f3nicas y otros g\u00e9neros period\u00edsticos en su blog personal <a href=\"http:\/\/www.cielobajoberlin.blogspot.de\" target=\"_blank\">www.cielobajoberlin.blogspot.de<\/a><\/p><\/blockquote>\n<h3>Manuel Cabrera<\/h3>\n<blockquote><p>Manuel Cabrera naci\u00f3 en la Ciudad de M\u00e9xico en 1986. Ah\u00ed estudi\u00f3 dise\u00f1o gr\u00e1fico en la Universidad Iberoamericana. Actualmente trabaja como dise\u00f1ador e ilustrador independiente y termina sus estudios de arquitectura.<\/p><\/blockquote>\n<p>Febrero 2014<br \/>\n\u00a9 Santacruz International Communication<\/p>\n","protected":false},"excerpt":{"rendered":"<p>\/\/ Cada mesa, un Vietnam \/\/ \u201cPuede decirse con seriedad que el periodismo, primera \u00faltima de todas las cosas, como hubiera dicho Esopo, ha creado a los hombres una vida completamente nueva, llena de progresos, de ventajas y de cuidados. Esta voz de la humanidad que viene cada ma\u00f1ana a nuestro despertar a contarnos c\u00f3mo [&hellip;]<\/p>\n","protected":false},"author":4,"featured_media":689,"parent":0,"menu_order":0,"comment_status":"open","ping_status":"open","template":"page.php","meta":[],"_links":{"self":[{"href":"http:\/\/ourworld-magazine.com\/es\/wp-json\/wp\/v2\/pages\/707"}],"collection":[{"href":"http:\/\/ourworld-magazine.com\/es\/wp-json\/wp\/v2\/pages"}],"about":[{"href":"http:\/\/ourworld-magazine.com\/es\/wp-json\/wp\/v2\/types\/page"}],"author":[{"embeddable":true,"href":"http:\/\/ourworld-magazine.com\/es\/wp-json\/wp\/v2\/users\/4"}],"replies":[{"embeddable":true,"href":"http:\/\/ourworld-magazine.com\/es\/wp-json\/wp\/v2\/comments?post=707"}],"version-history":[{"count":4,"href":"http:\/\/ourworld-magazine.com\/es\/wp-json\/wp\/v2\/pages\/707\/revisions"}],"predecessor-version":[{"id":1169,"href":"http:\/\/ourworld-magazine.com\/es\/wp-json\/wp\/v2\/pages\/707\/revisions\/1169"}],"wp:featuredmedia":[{"embeddable":true,"href":"http:\/\/ourworld-magazine.com\/es\/wp-json\/wp\/v2\/media\/689"}],"wp:attachment":[{"href":"http:\/\/ourworld-magazine.com\/es\/wp-json\/wp\/v2\/media?parent=707"}],"curies":[{"name":"wp","href":"https:\/\/api.w.org\/{rel}","templated":true}]}}