{"id":846,"date":"2014-07-18T08:30:54","date_gmt":"2014-07-18T08:30:54","guid":{"rendered":"http:\/\/ourworld-magazine.com\/es\/?page_id=846"},"modified":"2015-04-18T09:33:04","modified_gmt":"2015-04-18T07:33:04","slug":"our-world-ten","status":"publish","type":"page","link":"http:\/\/ourworld-magazine.com\/es\/our-world-ten\/","title":{"rendered":"Our World Ten"},"content":{"rendered":"<p><img loading=\"lazy\" src=\"http:\/\/ourworld-magazine.com\/es\/wp-content\/uploads\/sites\/4\/2014\/07\/Illu_fidelitas.jpg\" alt=\"Illu_fidelitas\" width=\"507\" height=\"314\" class=\"alignnone size-full wp-image-850\" srcset=\"http:\/\/ourworld-magazine.com\/es\/wp-content\/uploads\/sites\/4\/2014\/07\/Illu_fidelitas.jpg 507w, http:\/\/ourworld-magazine.com\/es\/wp-content\/uploads\/sites\/4\/2014\/07\/Illu_fidelitas-300x185.jpg 300w\" sizes=\"(max-width: 507px) 100vw, 507px\" \/><\/p>\n<h1>\/\/  Y los animales\u2026 \u00bfa qui\u00e9n le importan?  \/\/<\/h1>\n<p>Era el ingreso de una hacienda cerca de Valle de Bravo, M\u00e9xico. El perro se cruz\u00f3 justo cuando entraba una camioneta. Primero, su cabeza golpe\u00f3 con la defensa, qued\u00f3 atolondrado y debajo del coche, que sigui\u00f3 avanzando sin darse cuenta de que la peque\u00f1a colisi\u00f3n hab\u00eda sido con un perro. El perro qued\u00f3 aprisionado entre un peque\u00f1o tope en la entrada y la llanta trasera que intentaba avanzar. La camioneta finalmente fren\u00f3 y no le pas\u00f3 por encima, pero era obvio que se le hab\u00eda hecho un da\u00f1o al animal que se arrastr\u00f3 a meterse detr\u00e1s de una maceta. Obvio, era un perro sin due\u00f1o, de los miles que hay en los pueblos en M\u00e9xico.<\/p>\n<p>Yo ten\u00eda 9 a\u00f1os y me toc\u00f3 con mucha angustia presenciar todo. Estaba de campamento en esa hacienda y el destino hizo que no hubiera ning\u00fan otro testigo presencial m\u00e1s que un par de trabajadores y la persona que manejaba la camioneta. Regres\u00e9 un par de horas m\u00e1s tarde para ver si el perro segu\u00eda detr\u00e1s de la maceta. Los trabajadores lo sacaban, jal\u00e1ndolo con una cuerda. El perro estaba en evidente dolor y llorando. Lo hac\u00edan as\u00ed para que \u201cno los fuera a morder\u201d. Inocentemente pregunt\u00e9 qu\u00e9 le iban a hacer o si lo iban a curar, aunque en el fondo de mi coraz\u00f3n yo sab\u00eda que era para sacarlo de la hacienda y seguramente dejarlo morir en agon\u00eda por varios d\u00edas sin la posibilidad de moverse. Aun ahora no puedo evitar tener ese sentimiento de angustia e impotencia al recordar la imagen, grabada por siempre en mi mente y s\u00ed, tambi\u00e9n en mi coraz\u00f3n.<\/p>\n<p>Desde que tengo memoria me han gustado los animales y no puedo evitar sentir angustia y compasi\u00f3n ante las im\u00e1genes de alg\u00fan animal sufriendo o simplemente abandonado. No s\u00e9 si ese sentimiento tan especial sea gen\u00e9tico o se va formando con experiencias de vida. Lo que s\u00ed he podido comprobar, es que est\u00e1 presente en gente de cualquier nivel socioecon\u00f3mico y con una diversidad de niveles de educaci\u00f3n. De hecho, las personalidades pro animal pueden tener variaciones enormes, desde la persona que recoge y le da hogar a un perrito o gato de la calle, hasta los ultra radicales que ni siquiera consumen miel por considerar que su producci\u00f3n representa una molestia y explotaci\u00f3n para las abejas. Hay discusiones acad\u00e9micas serias respecto al tema que en muchas ocasiones polarizan en lugar de unir, pero es la historia de todo avance de la sociedad. El reto individual es mantenerse en una coherencia mental y emocional que finalmente se traduzca en ayudar y en la medida de lo posible, buscar el bienestar animal.<\/p>\n<p>En un pa\u00eds como M\u00e9xico, tristemente el perro o gato en la calle o en situaci\u00f3n de desamparo es una escena cotidiana que transcurre ante la indiferencia de la gran mayor\u00eda de la gente. Las cifras siguen siendo alarmantes. Se calcula que en el pa\u00eds hay aproximadamente 14 millones de perros (y probablemente un n\u00famero semejante de gatos) en situaci\u00f3n de calle. Ocho de cada diez perros que nacen terminan mal en el primer a\u00f1o de su vida. Esa cifra pr\u00e1cticamente no cambia para los perros de raza. Terminar mal significa dejarlos en la azotea de la casa, amarrados toda su vida en la cochera, entregados para sacrificio en los ahora llamados centros de salud animal (que para efectos pr\u00e1cticos, siguen funcionando como viles perreras locales), utilizados en las ilegales y despreciables peleas de perros, o abandonados a su suerte en la calle o carreteras para que sean atropellados. Los dos puntos medulares que ocasionan este problema es la total ausencia de control legal en la venta de animales y la falta de una cultura de responsabilidad de los due\u00f1os de animales dom\u00e9sticos. Desafortunadamente, la mayor parte de la venta de animales en M\u00e9xico se realiza en mercados semanales sobre ruedas (en M\u00e9xico llamados \u201ctianguis\u201d) o locales carentes de toda instalaci\u00f3n adecuada donde se vende a los perros y gatos reproducidos en patios traseros de casa, metidos toda su vida en jaulas. Ya a la venta, tienen a los animales en condiciones deplorables, enga\u00f1an a la gente respecto al tipo de perro o gato, salud y edad del mismo. La segunda parte es la falta de responsabilidad de los due\u00f1os de animales dom\u00e9sticos donde el tema de la esterilizaci\u00f3n no es considerado importante ni como soluci\u00f3n al problema de la sobrepoblaci\u00f3n y abandono de camadas no deseadas. Continuamente se escuchan argumentos tontos como \u201cque sepa lo que es ser mam\u00e1\u201d para justificar que la perra o gata tenga una o varias camadas que finalmente no tendr\u00e1n un hogar o cuando los hombres abren los ojos como platos y mentalmente se llevan las manos a sus partes nobles cuando se le sugiere castrar a su perro o gato. Hay que calmarlos y entrar en el tema complicado de que en los animales \u201creproducci\u00f3n\u201d es distinto a la sexualidad como la entendemos los seres humanos.<\/p>\n<p>Bueno, y ante este panorama \u00bfhay avances? S\u00ed, poco a poco se hace el camino. Hace 25 a\u00f1os en M\u00e9xico, las personas que rescataban animales y buscaban por medio de anuncios de adopci\u00f3n hogares responsables, recib\u00edan llamadas insult\u00e1ndolos por anunciar con la palabra \u201cadopci\u00f3n\u201d a los animales, y se les reprochaba que ese t\u00e9rmino s\u00f3lo se pod\u00eda usar para la adopci\u00f3n de ni\u00f1os. Ahora tambi\u00e9n la imagen de la gente comprometida con el tema ya no es la del individuo que acumula animales en su casa en condiciones de hacinamiento e inmundicia, sin decir de su apariencia f\u00edsica siempre sucia y dejando amplia duda de su cordura mental. Las autoridades tambi\u00e9n van haciendo su parte. Existe presupuesto a nivel federal que se distribuye en todos los estados de la Rep\u00fablica Mexicana para campa\u00f1as de esterilizaci\u00f3n gratuita. Cada vez m\u00e1s estados aprueban leyes castigando el maltrato animal, incluso abordando temas m\u00e1s complicados como es prohibir los circos y espect\u00e1culos con animales. <\/p>\n<p>El tema cada vez va tomando m\u00e1s atenci\u00f3n y presencia en todo el mundo. Las redes sociales, como en todo lo que nos rodea, han sido una gran herramienta para darle presencia global al tema del respeto por los animales, mover y atender m\u00e1s r\u00e1pidamente los casos de rescates y promoci\u00f3n de las adopciones y, sin duda, de gran impacto para lograr denuncias y atenci\u00f3n de medios de comunicaci\u00f3n de alcance masivo. Recientemente, se logr\u00f3 en el estado de Jalisco que se descongele y se apruebe una ley estatal de protecci\u00f3n animal donde finalmente se tipifica el maltrato animal como un delito con pena de c\u00e1rcel. Esto fue consecuencia directa del impacto que causaron las fotos en Facebook de un individuo que quem\u00f3 vivos a unos cachorros y no se dio cuenta de que un vecino tom\u00f3 fotos del hecho. <\/p>\n<p>Estar metido de lleno en este tema lleva su dosis de desgaste emocional, econ\u00f3mico e incluso familiar. La cantidad de casos diarios es abrumadora y el tema ampl\u00edsimo. Hay mucha pasi\u00f3n y coraz\u00f3n, y en ocasiones mucho caos, pero hay que ser inteligentes y buscar la constancia y permanencia del proyecto. Es muy triste ver como este tipo de esfuerzos dependen de una o dos personas que al momento de fallecer (porque esto se hace hasta el final), se interrumpe o deja de existir. Me queda claro que no se puede salvar a todos, pero cada voluntario nuevo, cada conversaci\u00f3n, cada rescate y final feliz, va construyendo una plataforma que se debe consolidar y permanecer en el tiempo. Hay que mantenerse enfocado y con disciplina en un tema para que el esfuerzo rinda frutos. <\/p>\n<p>El gran paso en M\u00e9xico se dar\u00e1 cuando las generaciones que vienen rompan el paradigma latino de tradici\u00f3n cat\u00f3lica donde ayudar a los dem\u00e1s o la caridad es responsabilidad del Estado o de las \u00f3rdenes religiosas. Es hora de que la sociedad despierte y cada quien escoja en qu\u00e9 puede ayudar o dedicar parte de sus recursos, no importa la causa. En mi caso, los animales seguir\u00e1n siendo mi motor y afortunadamente ahora ya tengo la capacidad de hacer la diferencia para muchos perros y gatos que no tuvieron la suerte de ser atendidos y rescatados, como aquel perro atropellado a la entrada de la hacienda.<\/p>\n<h3>Mar\u00eda del Carmen Portilla<\/h3>\n<blockquote><p>Mar\u00eda del Carmen Portilla Pons (1967) estudi\u00f3 Derecho en el Instituto Tecnologico Aut\u00f3nomo de M\u00e9xico y las maestr\u00edas en Derecho Comercial Internacional y Europeo y en Administraci\u00f3n de Negocios en las universidades de Leicester y Edimburgo, respectivamente, ambas en el Reino Unido. Trabaj\u00f3 18 a\u00f1os\u00a0 como abogada corporativa de empresas multinacionales. Actualmente, es directora de Pet Help, A.C., la cual fund\u00f3 en 2004 en Guadalajara, Jalisco (www.adoptandounamigo.mx). Esta asociaci\u00f3n no lucrativa se dedica al rescate, rehabilitaci\u00f3n y adopci\u00f3n de perros y gatos en situaci\u00f3n de abandono o maltrato. Mayor informaci\u00f3n: Portilla.maricarmen@gmail.com<\/p><\/blockquote>\n<h3>Manuel Cabrera<\/h3>\n<blockquote><p>Manuel Cabrera naci\u00f3 en la Ciudad de M\u00e9xico en 1986. Ah\u00ed estudi\u00f3 dise\u00f1o gr\u00e1fico en la Universidad Iberoamericana. Actualmente trabaja como dise\u00f1ador e ilustrador independiente y termina sus estudios de arquitectura.<\/p><\/blockquote>\n<p>Julio 2014<br \/>\n\u00a9 Santacruz International Communication<\/p>\n","protected":false},"excerpt":{"rendered":"<p>\/\/ Y los animales\u2026 \u00bfa qui\u00e9n le importan? \/\/ Era el ingreso de una hacienda cerca de Valle de Bravo, M\u00e9xico. El perro se cruz\u00f3 justo cuando entraba una camioneta. Primero, su cabeza golpe\u00f3 con la defensa, qued\u00f3 atolondrado y debajo del coche, que sigui\u00f3 avanzando sin darse cuenta de que la peque\u00f1a colisi\u00f3n hab\u00eda [&hellip;]<\/p>\n","protected":false},"author":4,"featured_media":839,"parent":0,"menu_order":0,"comment_status":"open","ping_status":"open","template":"page.php","meta":[],"_links":{"self":[{"href":"http:\/\/ourworld-magazine.com\/es\/wp-json\/wp\/v2\/pages\/846"}],"collection":[{"href":"http:\/\/ourworld-magazine.com\/es\/wp-json\/wp\/v2\/pages"}],"about":[{"href":"http:\/\/ourworld-magazine.com\/es\/wp-json\/wp\/v2\/types\/page"}],"author":[{"embeddable":true,"href":"http:\/\/ourworld-magazine.com\/es\/wp-json\/wp\/v2\/users\/4"}],"replies":[{"embeddable":true,"href":"http:\/\/ourworld-magazine.com\/es\/wp-json\/wp\/v2\/comments?post=846"}],"version-history":[{"count":3,"href":"http:\/\/ourworld-magazine.com\/es\/wp-json\/wp\/v2\/pages\/846\/revisions"}],"predecessor-version":[{"id":1162,"href":"http:\/\/ourworld-magazine.com\/es\/wp-json\/wp\/v2\/pages\/846\/revisions\/1162"}],"wp:featuredmedia":[{"embeddable":true,"href":"http:\/\/ourworld-magazine.com\/es\/wp-json\/wp\/v2\/media\/839"}],"wp:attachment":[{"href":"http:\/\/ourworld-magazine.com\/es\/wp-json\/wp\/v2\/media?parent=846"}],"curies":[{"name":"wp","href":"https:\/\/api.w.org\/{rel}","templated":true}]}}