{"id":939,"date":"2014-11-14T13:00:20","date_gmt":"2014-11-14T13:00:20","guid":{"rendered":"http:\/\/ourworld-magazine.com\/es\/?page_id=939"},"modified":"2015-04-15T13:50:55","modified_gmt":"2015-04-15T13:50:55","slug":"our-world-fourteen","status":"publish","type":"page","link":"http:\/\/ourworld-magazine.com\/es\/our-world-fourteen\/","title":{"rendered":"Our world Fourteen"},"content":{"rendered":"<p><img loading=\"lazy\" src=\"http:\/\/ourworld-magazine.com\/es\/wp-content\/uploads\/sites\/4\/2014\/11\/Illu_traveltheworld.jpg\" alt=\"Illu_traveltheworld\" width=\"507\" height=\"299\" class=\"alignnone size-full wp-image-934\" srcset=\"http:\/\/ourworld-magazine.com\/es\/wp-content\/uploads\/sites\/4\/2014\/11\/Illu_traveltheworld.jpg 507w, http:\/\/ourworld-magazine.com\/es\/wp-content\/uploads\/sites\/4\/2014\/11\/Illu_traveltheworld-300x176.jpg 300w\" sizes=\"(max-width: 507px) 100vw, 507px\" \/><\/p>\n<h1>\/\/  La libertad de ir y venir&#8230;en nuestro mundo  \/\/<\/h1>\n<p>La Carta Internacional de los Derechos Humanos se\u00f1ala en el art\u00edculo 13 que \u201etoda persona tiene derecho a circular libremente&#8230; y a salir&#8230; y regresar a su pa\u00eds\u201c y determina en el art\u00edculo 24 que \u201etoda persona tiene derecho al descanso, al disfrute del tiempo libre&#8230; y a vacaciones peri\u00f3dicas&#8230;\u201c. Con esta base se ha fomentado no solo la existencia sino tambi\u00e9n el desarrollo de la llamada \u201eindustria sin chimeneas\u201c.<\/p>\n<p>Ciertamente toda persona tiene el derecho de pasear o hacer turismo al tiempo que respete la libertad y los derechos de los dem\u00e1s. Estas palabras aplicadas al tema del quehacer turistico deber\u00edan funcionar como llave maestra b\u00e1sica de pensamiento y obra para todo aqu\u00e9l que tenga en su mano la rector\u00eda de la agenda tur\u00edstica-pol\u00edtica de Estado, a fin de tener objetivos definidos y verdaderamente dictar y regular un desarrollo equilibrado y exitoso del turismo de una localidad, regi\u00f3n o pa\u00eds. Previo a otorgar permisos y concesiones a los inversionistas, el Estado debe asegurar la supervisi\u00f3n y el control de exhaustivos estudios de impacto, as\u00ed como solucionar cualquier amenaza de afectaci\u00f3n al ambiente. La menor desviaci\u00f3n en la inmaculada realizaci\u00f3n de dichas tareas puede ser el fin del respeto al derecho de una comunidad local o visitantes potenciales, a gozar de un entorno sin deterioros.<\/p>\n<p>Afortunadamente, desde hace tiempo surgi\u00f3 y creci\u00f3 r\u00e1pidamente una gran preocupaci\u00f3n mundial por el deterioro de nuestra naturaleza y, con ella, los destinos tur\u00edsticos comenzaron a resaltar en sus campa\u00f1as publicitarias no solo su riqueza natural sino tambi\u00e9n su preocupaci\u00f3n por conservar el medio ambiente.<\/p>\n<p>El turismo es una actividad econ\u00f3mica importante que genera divisas y es una fuente de desarrollo. La relaci\u00f3n entre el turismo y el medio ambiente es cada vez m\u00e1s estrecha debido a una marcada tendencia de la demanda actual por un turismo cuyos itinerarios, adem\u00e1s de los aspectos cl\u00e1sicos de recorrido, impliquen un sentido de respeto a la conservaci\u00f3n del patrimonio natural.<\/p>\n<p>Es muy probable que los faraones egipcios, en su ir y venir a bordo de sus nobles barcas recorriendo el r\u00edo Nilo y admirando la riqueza y belleza de sus territorios, no se preocupasen ni mucho menos debatieran con sus consejeros de gobierno respecto al impacto que sus desechos o los de sus curtidores de pieles pudieran provocar en sus r\u00edos. Hoy en d\u00eda, la conservaci\u00f3n del medio ambiente es un tema obligado en todos los foros donde se discute el presente y el futuro de nuestro planeta. La industria tur\u00edstica ha reaccionado tambi\u00e9n y un n\u00famero considerable de consorcios tur\u00edsticos internacionales cuenta con departamentos encargados de \u201cvigilar, calificar y certificar\u201d los servicios tur\u00edsticos que comercializan a trav\u00e9s de sus canales de venta. Esto les ayuda no solo a fomentar su buena imagen ante los clientes, sino tambi\u00e9n a incrementar sus ventas.<\/p>\n<p>La OMT (Organizaci\u00f3n Mundial de Turismo\/Travel &#038; Tourism Impact 2014, World Travel &#038; Tourism Council) reporta que el turismo en el mundo contribuy\u00f3 con el 9.5% del PIB mundial y aport\u00f3 el 8.9% de los empleos en todo el mundo en 2013. Se pronostica que en 2030 el n\u00famero de viajeros internacionales duplicar\u00e1 su n\u00famero en comparaci\u00f3n con los registrados en 2013, llegando a poco m\u00e1s de 1.800 millones de viajeros.<\/p>\n<p>M\u00e9xico ofrece a los mercados internacionales una de las m\u00e1s diversas combinaciones de productos, atractivos e infraestructura tur\u00edsticos. Es rico en paisajes naturales, manifestaciones culturales, bellas costas, una variada gastronom\u00eda, excelentes servicios y, adem\u00e1s, la conocida hospitalidad de su gente. En 2013, el turismo nacional e  internacional represent\u00f3 para M\u00e9xico el 8.4% del PIB, gener\u00f3 m\u00e1s de 2 millones de empleos directos y fue impulsor de inversi\u00f3n y de desarrollo para comunidades y regiones. Con 24.2 millones de llegadas de turistas internacionales, M\u00e9xico ocup\u00f3 la posici\u00f3n 15 a nivel mundial y el lugar 23 por ingresos derivados del turismo internacional. Desafortunadamente, se ubic\u00f3 en el lugar 44 del ranking mundial de Competitividad Tur\u00edstica (Foro Mundial Econ\u00f3mico 2013).<\/p>\n<p>Las cifras actuales muestran para M\u00e9xico una tendencia positiva. En el primer semestre de 2014 llegaron 14.2 millones de turistas, casi un 20% m\u00e1s que en el mismo periodo de 2013. Sin embargo, considero que el quehacer tur\u00edstico ha carecido en los \u00faltimos a\u00f1os de una verdadera voluntad pol\u00edtico-tur\u00edstica-promocional de parte de los reponsables del sector, lo cual ha influido para que el pa\u00eds, a pesar de las claras cifras estad\u00edsticas positivas, haya bajado dr\u00e1sticamente en los rankings de competitividad mundiales. Hacia fines de 2013 M\u00e9xico dej\u00f3 de pertenecer al selecto grupo de los 10 destinos m\u00e1s visitados y pas\u00f3 al lugar 15. Escucho y leo \u00faltimamente noticias que siembran una mala percepci\u00f3n sobre el pa\u00eds: alteraciones a la paz social, afectaciones al medio ambiente en zonas como los Santuarios de la Mariposa Monarca o la Sierra de Chihuahua o bien, en algunas zonas de playa. Esto no solo alerta sino que ahuyenta a potenciales visitantes. Urgen planteamientos de contenido con plena visi\u00f3n y acci\u00f3n estrat\u00e9gica tur\u00edstica a corto, mediano y largo plazo. <\/p>\n<p>Afortunadamente, el pa\u00eds tambi\u00e9n cuenta con destinos que manejan su agenda tur\u00edstica regional con paso firme y constante. El estado de Campeche es mi ejemplo preferido. Ha conducido una tranquila y certera estrategia tur\u00edstica identificando sus posibilidades reales as\u00ed como las acciones necesarias para que dicha estragia sobreviva y continue a\u00fan m\u00e1s all\u00e1 de las distintas administraciones de gobierno. La regi\u00f3n cobija ricos vestigios de la \u00e9poca precolombina y colonial y ofrece una ventana a un impresionante universo verde envuelto de historia llamado Calakmul. Un lugar declarado reserva de la bi\u00f3sfera y que conforma el segundo pulm\u00f3n natural m\u00e1s grande y espectacular del Continente Americano y es la reserva ecol\u00f3gica tropical de M\u00e9xico. Campeche ha registrado un crecimiento sostenido que se refleja en una riqueza paisaj\u00edstica incre\u00edble donde se pueden desarrollar actividades controladas del llamado turismo sostenible. Aqu\u00ed, el viajero experimenta un verdadero placer y ve efectivo su derecho humano de pasear, maravillarse y hacer turismo en un entorno natural que tiene sus bases en un compromiso estrat\u00e9gico regional as\u00ed como en el ser implacables con las normas. Mi deseo ser\u00eda que esta estrategia fuera aplicada en cada rinc\u00f3n de M\u00e9xico. Considero que si M\u00e9xico desea llegar a uno de los tan anhelados 5 primeros lugares del ranking tur\u00edstico mundial, la \u00fanica herramienta que funcionar\u00eda en adelante es que se haga menos pol\u00edtica y mucho m\u00e1s trabajo comprometido con plena vocaci\u00f3n tur\u00edstica.<\/p>\n<p>El viajar, adem\u00e1s de ser fuente positiva de esparcimiento y descanso para el cuerpo y el alma, enriquece varias facetas del ser humano, fomenta la apreciaci\u00f3n de las diversas formas y manifestaciones de vida que nuestro mundo ofrece y contribuye a desarrollar nuestro conocimiento y a ampliar nuestro grado de tolerancia y respeto hacia culturas, costumbres y tradiciones diferentes.<\/p>\n<h3> Bibliograf\u00eda <\/h3>\n<blockquote><p>Carta de la ONU 1948; www.unwto.org\/facts<br \/>\nSECTUR\/Banco de M\u00e9xico\/OAG\/World Economic Forum 2013<br \/>\nSecretar\u00eda de Comunicaciones y Transportes<br \/>\nCumbre R\u00edo+20 (2012)<br \/>\nSIIMT-CPTM<\/p><\/blockquote>\n<h3>\u2028Jos\u00e9 Ram\u00edrez-Santoyo <\/h3>\n<blockquote><p>Jos\u00e9 Ram\u00edrez-Santoyo naci\u00f3 en el estado de Guanajuato, M\u00e9xico. Trabaj\u00f3 durante los \u00faltimos 20 a\u00f1os para las oficinas de turismo de M\u00e9xico tanto en Alemania como en Chicago, de las que fue director. Ha cursado seminarios relacionados con su actividad de marketing en la Lufthansa School of Business y en la Northwestern University de Chicago, as\u00ed como cursos de manejo de crisis en Madrid, Londres y Fr\u00e1ncfort del Meno, donde reside actualmente.<\/p><\/blockquote>\n<h3>Manuel Cabrera<\/h3>\n<blockquote><p>Manuel Cabrera naci\u00f3 en la Ciudad de M\u00e9xico en 1986. Ah\u00ed estudi\u00f3 dise\u00f1o gr\u00e1fico en la Universidad Iberoamericana. Actualmente trabaja como dise\u00f1ador e ilustrador independiente y termina sus estudios de arquitectura.<\/p><\/blockquote>\n<p>Noviembre 2014<br \/>\n\u00a9 Santacruz International Communication<\/p>\n","protected":false},"excerpt":{"rendered":"<p>\/\/ La libertad de ir y venir&#8230;en nuestro mundo \/\/ La Carta Internacional de los Derechos Humanos se\u00f1ala en el art\u00edculo 13 que \u201etoda persona tiene derecho a circular libremente&#8230; y a salir&#8230; y regresar a su pa\u00eds\u201c y determina en el art\u00edculo 24 que \u201etoda persona tiene derecho al descanso, al disfrute del tiempo [&hellip;]<\/p>\n","protected":false},"author":4,"featured_media":935,"parent":0,"menu_order":0,"comment_status":"open","ping_status":"open","template":"page.php","meta":[],"_links":{"self":[{"href":"http:\/\/ourworld-magazine.com\/es\/wp-json\/wp\/v2\/pages\/939"}],"collection":[{"href":"http:\/\/ourworld-magazine.com\/es\/wp-json\/wp\/v2\/pages"}],"about":[{"href":"http:\/\/ourworld-magazine.com\/es\/wp-json\/wp\/v2\/types\/page"}],"author":[{"embeddable":true,"href":"http:\/\/ourworld-magazine.com\/es\/wp-json\/wp\/v2\/users\/4"}],"replies":[{"embeddable":true,"href":"http:\/\/ourworld-magazine.com\/es\/wp-json\/wp\/v2\/comments?post=939"}],"version-history":[{"count":2,"href":"http:\/\/ourworld-magazine.com\/es\/wp-json\/wp\/v2\/pages\/939\/revisions"}],"predecessor-version":[{"id":1154,"href":"http:\/\/ourworld-magazine.com\/es\/wp-json\/wp\/v2\/pages\/939\/revisions\/1154"}],"wp:featuredmedia":[{"embeddable":true,"href":"http:\/\/ourworld-magazine.com\/es\/wp-json\/wp\/v2\/media\/935"}],"wp:attachment":[{"href":"http:\/\/ourworld-magazine.com\/es\/wp-json\/wp\/v2\/media?parent=939"}],"curies":[{"name":"wp","href":"https:\/\/api.w.org\/{rel}","templated":true}]}}